{"id":1930,"date":"2021-01-20T03:52:06","date_gmt":"2021-01-20T03:52:06","guid":{"rendered":"https:\/\/stereoalausi.org\/?page_id=1930"},"modified":"2023-05-05T18:51:30","modified_gmt":"2023-05-05T23:51:30","slug":"nosotros","status":"publish","type":"page","link":"https:\/\/stereoalausi.org\/?page_id=1930","title":{"rendered":"Quienes Somos"},"content":{"rendered":"\t\t<div data-elementor-type=\"wp-page\" data-elementor-id=\"1930\" class=\"elementor elementor-1930\">\n\t\t\t\t\t\t<section class=\"elementor-section elementor-top-section elementor-element elementor-element-5ebc745 elementor-section-stretched elementor-section-boxed elementor-section-height-default elementor-section-height-default\" data-id=\"5ebc745\" data-element_type=\"section\" data-settings=\"{&quot;stretch_section&quot;:&quot;section-stretched&quot;}\">\n\t\t\t\t\t\t<div class=\"elementor-container elementor-column-gap-wide\">\n\t\t\t\t\t<div class=\"elementor-column elementor-col-50 elementor-top-column elementor-element elementor-element-b11d4c3\" data-id=\"b11d4c3\" data-element_type=\"column\">\n\t\t\t<div class=\"elementor-widget-wrap elementor-element-populated\">\n\t\t\t\t\t\t<div class=\"elementor-element elementor-element-5712af3 elementor-widget elementor-widget-heading\" data-id=\"5712af3\" data-element_type=\"widget\" data-widget_type=\"heading.default\">\n\t\t\t\t<div class=\"elementor-widget-container\">\n\t\t\t\t\t<div class=\"elementor-heading-title elementor-size-default\">Nosotros<\/div>\t\t\t\t<\/div>\n\t\t\t\t<\/div>\n\t\t\t\t<div class=\"elementor-element elementor-element-384dc47 elementor-widget elementor-widget-heading\" data-id=\"384dc47\" data-element_type=\"widget\" data-widget_type=\"heading.default\">\n\t\t\t\t<div class=\"elementor-widget-container\">\n\t\t\t\t\t<h2 class=\"elementor-heading-title elementor-size-default\">Quienes Somos<\/h2>\t\t\t\t<\/div>\n\t\t\t\t<\/div>\n\t\t\t\t<div class=\"elementor-element elementor-element-bc2c1b7 elementor-widget elementor-widget-text-editor\" data-id=\"bc2c1b7\" data-element_type=\"widget\" data-widget_type=\"text-editor.default\">\n\t\t\t\t<div class=\"elementor-widget-container\">\n\t\t\t\t\t\t\t\t\t<p>Radio Stereo Alaus\u00ed es reconocida como una emisora cristiana pionera de la radio difusi\u00f3n en 8 cantones de la Provincia de Chimborazo. Nuestra programac\u00edon varia en musica en espa\u00f1ol y quichua, con todos los generos musicales. Nos puede sintonizar en dos frecuencia sur &#8211; 98.5 FM\u00a0 y norte 98.9 FM. Adem\u00e1s, nos puede escuchar las 24\/7 por streaming mediante nuestras aplicaciones que se encuentran en la tienda de playstore.<\/p>\t\t\t\t\t\t\t\t<\/div>\n\t\t\t\t<\/div>\n\t\t\t\t<div class=\"elementor-element elementor-element-992dfb3 elementor-widget elementor-widget-text-editor\" data-id=\"992dfb3\" data-element_type=\"widget\" data-widget_type=\"text-editor.default\">\n\t\t\t\t<div class=\"elementor-widget-container\">\n\t\t\t\t\t\t\t\t\t<blockquote><p>Radio Stereo Alaus\u00ed, <strong>T\u00fa\u00a0 Voz Cristiana, <\/strong>es \u00a0una alternativa en m\u00fasica cristiana, con programaciones que\u00a0<\/p><\/blockquote>\t\t\t\t\t\t\t\t<\/div>\n\t\t\t\t<\/div>\n\t\t\t\t\t<\/div>\n\t\t<\/div>\n\t\t\t\t<div class=\"elementor-column elementor-col-50 elementor-top-column elementor-element elementor-element-f3ee043\" data-id=\"f3ee043\" data-element_type=\"column\">\n\t\t\t<div class=\"elementor-widget-wrap elementor-element-populated\">\n\t\t\t\t\t\t<div class=\"elementor-element elementor-element-d2fb2cd elementor-widget elementor-widget-rt-video-with-image\" data-id=\"d2fb2cd\" data-element_type=\"widget\" data-widget_type=\"rt-video-with-image.default\">\n\t\t\t\t<div class=\"elementor-widget-container\">\n\t\t\t\t\t<div class=\"about-img\">\n\t<img fetchpriority=\"high\" decoding=\"async\" width=\"570\" height=\"600\" src=\"https:\/\/stereoalausi.org\/wp-content\/uploads\/2021\/01\/about1-optimized.jpg\" class=\"attachment-full size-full wp-image-1974\" alt=\"\" srcset=\"https:\/\/stereoalausi.org\/wp-content\/uploads\/2021\/01\/about1-optimized.jpg 570w, https:\/\/stereoalausi.org\/wp-content\/uploads\/2021\/01\/about1-optimized-285x300.jpg 285w, https:\/\/stereoalausi.org\/wp-content\/uploads\/2021\/01\/about1-optimized-149x157.jpg 149w\" sizes=\"(max-width: 570px) 100vw, 570px\" \/>    <div class=\"video-icon\">\n        <a class=\"play-btn popup-youtube\" href=\"http:\/\/www.youtube.com\/watch?v=1iIZeIy7TqM\">\n            <i class=\"fas fa-play\"><\/i>\n        <\/a>\n    <\/div>\n<\/div>\t\t\t\t<\/div>\n\t\t\t\t<\/div>\n\t\t\t\t\t<\/div>\n\t\t<\/div>\n\t\t\t\t\t<\/div>\n\t\t<\/section>\n\t\t\t\t<section class=\"elementor-section elementor-top-section elementor-element elementor-element-2cde302 elementor-section-stretched elementor-section-boxed elementor-section-height-default elementor-section-height-default\" data-id=\"2cde302\" data-element_type=\"section\" data-settings=\"{&quot;stretch_section&quot;:&quot;section-stretched&quot;,&quot;background_background&quot;:&quot;classic&quot;}\">\n\t\t\t\t\t\t\t<div class=\"elementor-background-overlay\"><\/div>\n\t\t\t\t\t\t\t<div class=\"elementor-container elementor-column-gap-default\">\n\t\t\t\t\t<div class=\"elementor-column elementor-col-100 elementor-top-column elementor-element elementor-element-e85237d\" data-id=\"e85237d\" data-element_type=\"column\">\n\t\t\t<div class=\"elementor-widget-wrap elementor-element-populated\">\n\t\t\t\t\t\t<div class=\"elementor-element elementor-element-964752a elementor-widget elementor-widget-rt-cta\" data-id=\"964752a\" data-element_type=\"widget\" data-widget_type=\"rt-cta.default\">\n\t\t\t\t<div class=\"elementor-widget-container\">\n\t\t\t\t\t<div class=\"banner-section \">\n\t    <h3 class=\"item-subtitle\">RADIO STEREO ALAUS\u00cd<\/h3>\n        <h2 class=\"item-title\">T\u00da VOZ CRISTIANA<\/h2>\n        <a class=\"item-btn\">Online<\/a>    <\/div>\n\t\t\t\t<\/div>\n\t\t\t\t<\/div>\n\t\t\t\t<div class=\"elementor-element elementor-element-cdc074f elementor-widget elementor-widget-shortcode\" data-id=\"cdc074f\" data-element_type=\"widget\" data-widget_type=\"shortcode.default\">\n\t\t\t\t<div class=\"elementor-widget-container\">\n\t\t\t\t\t\t\t<div class=\"elementor-shortcode\"><div\n    id=\"h5ap-player-1\"\n    data-id=\"h5ap-player-1\"\n    data-attributes=\"{&quot;uniqueId&quot;:&quot;player5854&quot;,&quot;clientId&quot;:&quot;&quot;,&quot;align&quot;:&quot;&quot;,&quot;alignment&quot;:&quot;left&quot;,&quot;source&quot;:&quot;https:\\\/\\\/stream.zeno.fm\\\/xy2xjjfqdf7uv&quot;,&quot;color&quot;:&quot;#fff&quot;,&quot;textColor&quot;:&quot;#fff&quot;,&quot;primaryColor&quot;:&quot;#195FF5&quot;,&quot;hoverColor&quot;:&quot;#00B3FF&quot;,&quot;controlColor&quot;:&quot;#4a5464&quot;,&quot;bgColor&quot;:&quot;#f2f2f2&quot;,&quot;skin&quot;:&quot;Default&quot;,&quot;repeat&quot;:false,&quot;autoplay&quot;:true,&quot;isSticky&quot;:false,&quot;muted&quot;:false,&quot;loader&quot;:false,&quot;saveState&quot;:false,&quot;disablePause&quot;:false,&quot;seekTime&quot;:10,&quot;startTime&quot;:0,&quot;preload&quot;:&quot;metadata&quot;,&quot;download&quot;:false,&quot;width&quot;:&quot;25%&quot;,&quot;radius&quot;:&quot;5px&quot;,&quot;controls&quot;:{&quot;play&quot;:true,&quot;progress&quot;:true,&quot;current-time&quot;:true,&quot;duration&quot;:true,&quot;mute&quot;:true,&quot;volume&quot;:true},&quot;CSS&quot;:&quot;&quot;,&quot;i18n&quot;:{&quot;restart&quot;:&quot;Restart&quot;,&quot;rewind&quot;:&quot;Rewind {seektime}s&quot;,&quot;play&quot;:&quot;Play&quot;,&quot;pause&quot;:&quot;Pause&quot;,&quot;fastForward:&quot;:&quot;Forward {seektime}s&quot;,&quot;seek&quot;:&quot;Seek&quot;,&quot;seekLabel&quot;:&quot;{currentTime} of {duration}&quot;,&quot;played&quot;:&quot;Played&quot;,&quot;buffered&quot;:&quot;Buffered&quot;,&quot;currentTime:&quot;:&quot;Current time&quot;,&quot;duration&quot;:&quot;Duration&quot;,&quot;volume&quot;:&quot;Volume&quot;,&quot;mute&quot;:&quot;Mute&quot;,&quot;unmute&quot;:&quot;Unmute&quot;,&quot;enableCaptions&quot;:&quot;Enable captions&quot;,&quot;disableCaptions&quot;:&quot;Disable captions&quot;,&quot;download&quot;:&quot;Download&quot;,&quot;enterFullscreen&quot;:&quot;Enter fullscreen&quot;,&quot;exitFullscreen&quot;:&quot;Exit fullscreen&quot;,&quot;frameTitle&quot;:&quot;Player for {title}&quot;,&quot;captions&quot;:&quot;Captions&quot;,&quot;settings&quot;:&quot;Settings&quot;,&quot;pip&quot;:&quot;PIP&quot;,&quot;menuBack&quot;:&quot;Go back to previous menu&quot;,&quot;speed&quot;:&quot;Speed&quot;,&quot;normal&quot;:&quot;Normal&quot;,&quot;quality&quot;:&quot;Quality&quot;,&quot;loop&quot;:&quot;Loop&quot;,&quot;start&quot;:&quot;Start&quot;,&quot;end&quot;:&quot;End&quot;,&quot;all&quot;:&quot;All&quot;,&quot;reset&quot;:&quot;Reset&quot;,&quot;disabled&quot;:&quot;Disabled&quot;,&quot;enabled&quot;:&quot;Enabled&quot;,&quot;advertisement&quot;:&quot;Ad&quot;,&quot;qualityBadge&quot;:{&quot;2160&quot;:&quot;4K&quot;,&quot;1440&quot;:&quot;HD&quot;,&quot;1080&quot;:&quot;HD&quot;,&quot;720&quot;:&quot;HD&quot;,&quot;576&quot;:&quot;SD&quot;,&quot;480&quot;:&quot;SD&quot;}},&quot;poster&quot;:&quot;&quot;,&quot;title&quot;:&quot;audio title&quot;,&quot;artist&quot;:&quot;&quot;,&quot;speed&quot;:{&quot;selected&quot;:1,&quot;speed&quot;:[&quot;0.5&quot;,&quot; 0.75&quot;,&quot; 1&quot;,&quot; 1.25&quot;,&quot; 1.5&quot;,&quot; 1.75&quot;,&quot; 2&quot;,&quot; 4&quot;,&quot; 8&quot;]},&quot;multiple_audio&quot;:false,&quot;defaultValue&quot;:{&quot;Default&quot;:{&quot;primaryColor&quot;:&quot;#4A5464&quot;,&quot;controlColor&quot;:&quot;#4A5464&quot;,&quot;bgColor&quot;:&quot;#F5F5F5&quot;},&quot;Fusion&quot;:{&quot;primaryColor&quot;:&quot;#fff&quot;,&quot;bgColor&quot;:&quot;#161616&quot;,&quot;controlColor&quot;:&quot;#fff&quot;},&quot;Stamp&quot;:{&quot;controlColor&quot;:&quot;#fff&quot;,&quot;bgColor&quot;:&quot;#161616&quot;},&quot;Wave&quot;:{&quot;primaryColor&quot;:&quot;#fff&quot;,&quot;controlColor&quot;:&quot;#fff&quot;,&quot;bgColor&quot;:&quot;#161616&quot;,&quot;textColor&quot;:&quot;#fff&quot;},&quot;Card-1&quot;:{&quot;primaryColor&quot;:&quot;#fff&quot;,&quot;controlColor&quot;:&quot;#161616&quot;,&quot;bgColor&quot;:&quot;#161616&quot;,&quot;textColor&quot;:&quot;#fff&quot;},&quot;Card-2&quot;:{&quot;primaryColor&quot;:&quot;#00FBF3&quot;,&quot;controlColor&quot;:&quot;#fff&quot;,&quot;bgColor&quot;:&quot;#161616&quot;,&quot;textColor&quot;:&quot;#fff&quot;},&quot;Simple-1&quot;:{&quot;primaryColor&quot;:&quot;#00dcff&quot;,&quot;controlColor&quot;:&quot;#fff&quot;,&quot;bgColor&quot;:&quot;#161616&quot;,&quot;textColor&quot;:&quot;#00dcff&quot;},&quot;Simple-2&quot;:{&quot;primaryColor&quot;:&quot;#06F7FF00&quot;,&quot;controlColor&quot;:&quot;#fff&quot;,&quot;bgColor&quot;:&quot;#161616&quot;},&quot;Player9&quot;:{&quot;primaryColor&quot;:&quot;#195FF6&quot;,&quot;controlColor&quot;:&quot;#fff&quot;,&quot;bgColor&quot;:&quot;#161616&quot;,&quot;textColor&quot;:&quot;#EDEFF2&quot;},&quot;Player10&quot;:{&quot;primaryColor&quot;:&quot;#195FF6&quot;,&quot;controlColor&quot;:&quot;#fff&quot;,&quot;bgColor&quot;:&quot;#161616&quot;,&quot;textColor&quot;:&quot;#EDEFF2&quot;},&quot;Player11&quot;:{&quot;primaryColor&quot;:&quot;#195FF6&quot;,&quot;controlColor&quot;:&quot;#fff&quot;,&quot;bgColor&quot;:&quot;#161616&quot;,&quot;textColor&quot;:&quot;#fff&quot;}}}\"\n    class=\"wp-block-h5ap-tailwind wp-block-h5ap-audioplayer\">\n    <\/div><\/div>\n\t\t\t\t\t\t<\/div>\n\t\t\t\t<\/div>\n\t\t\t\t\t<\/div>\n\t\t<\/div>\n\t\t\t\t\t<\/div>\n\t\t<\/section>\n\t\t\t\t<section class=\"elementor-section elementor-top-section elementor-element elementor-element-7a6c90f elementor-section-stretched elementor-section-boxed elementor-section-height-default elementor-section-height-default\" data-id=\"7a6c90f\" data-element_type=\"section\" data-settings=\"{&quot;stretch_section&quot;:&quot;section-stretched&quot;}\">\n\t\t\t\t\t\t<div class=\"elementor-container elementor-column-gap-default\">\n\t\t\t\t\t<div class=\"elementor-column elementor-col-100 elementor-top-column elementor-element elementor-element-637f666\" data-id=\"637f666\" data-element_type=\"column\">\n\t\t\t<div class=\"elementor-widget-wrap\">\n\t\t\t\t\t\t\t<\/div>\n\t\t<\/div>\n\t\t\t\t\t<\/div>\n\t\t<\/section>\n\t\t\t\t<section class=\"elementor-section elementor-top-section elementor-element elementor-element-6808e2c elementor-section-boxed elementor-section-height-default elementor-section-height-default\" data-id=\"6808e2c\" data-element_type=\"section\">\n\t\t\t\t\t\t<div class=\"elementor-container elementor-column-gap-default\">\n\t\t\t\t\t<div class=\"elementor-column elementor-col-100 elementor-top-column elementor-element elementor-element-b05105c\" data-id=\"b05105c\" data-element_type=\"column\">\n\t\t\t<div class=\"elementor-widget-wrap elementor-element-populated\">\n\t\t\t\t\t\t<div class=\"elementor-element elementor-element-709b0e9 elementor-widget elementor-widget-heading\" data-id=\"709b0e9\" data-element_type=\"widget\" data-widget_type=\"heading.default\">\n\t\t\t\t<div class=\"elementor-widget-container\">\n\t\t\t\t\t<h2 class=\"elementor-heading-title elementor-size-default\">Un trabajo en equipo entre la Costa y la Sierra<\/h2>\t\t\t\t<\/div>\n\t\t\t\t<\/div>\n\t\t\t\t\t<\/div>\n\t\t<\/div>\n\t\t\t\t\t<\/div>\n\t\t<\/section>\n\t\t\t\t<\/div>\n\t\t","protected":false},"excerpt":{"rendered":"<p>Nosotros Quienes Somos Radio Stereo Alaus\u00ed es reconocida como una emisora cristiana pionera de la radio difusi\u00f3n en 8 cantones de la Provincia de Chimborazo. Nuestra programac\u00edon varia en musica en espa\u00f1ol y quichua, con todos los generos musicales. Nos puede sintonizar en dos frecuencia sur &#8211; 98.5 FM&nbsp; y norte 98.9 FM. Adem\u00e1s, nos&#8230;<\/p>\n","protected":false},"author":1,"featured_media":0,"parent":0,"menu_order":0,"comment_status":"closed","ping_status":"closed","template":"elementor_header_footer","meta":{"h5ap_radio_sources":[],"footnotes":""},"class_list":["post-1930","page","type-page","status-publish","hentry"],"yoast_head":"<!-- This site is optimized with the Yoast SEO plugin v24.2 - https:\/\/yoast.com\/wordpress\/plugins\/seo\/ -->\n<title>Quienes Somos - Radio Stereo Alaus\u00ed<\/title>\n<meta name=\"robots\" content=\"index, follow, max-snippet:-1, max-image-preview:large, max-video-preview:-1\" \/>\n<link rel=\"canonical\" href=\"https:\/\/stereoalausi.org\/?page_id=1930\" \/>\n<meta property=\"og:locale\" content=\"es_ES\" \/>\n<meta property=\"og:type\" content=\"article\" \/>\n<meta property=\"og:title\" content=\"Quienes Somos - Radio Stereo Alaus\u00ed\" \/>\n<meta property=\"og:description\" content=\"Nosotros Quienes Somos Radio Stereo Alaus\u00ed es reconocida como una emisora cristiana pionera de la radio difusi\u00f3n en 8 cantones de la Provincia de Chimborazo. Nuestra programac\u00edon varia en musica en espa\u00f1ol y quichua, con todos los generos musicales. Nos puede sintonizar en dos frecuencia sur &#8211; 98.5 FM&nbsp; y norte 98.9 FM. Adem\u00e1s, nos...\" \/>\n<meta property=\"og:url\" content=\"https:\/\/stereoalausi.org\/?page_id=1930\" \/>\n<meta property=\"og:site_name\" content=\"Radio Stereo Alaus\u00ed\" \/>\n<meta property=\"article:modified_time\" content=\"2023-05-05T23:51:30+00:00\" \/>\n<meta property=\"og:image\" content=\"https:\/\/stereoalausi.org\/wp-content\/uploads\/2021\/01\/about1-optimized.jpg\" \/>\n<meta name=\"twitter:card\" content=\"summary_large_image\" \/>\n<meta name=\"twitter:label1\" content=\"Tiempo de lectura\" \/>\n\t<meta name=\"twitter:data1\" content=\"1 minuto\" \/>\n<script type=\"application\/ld+json\" class=\"yoast-schema-graph\">{\"@context\":\"https:\/\/schema.org\",\"@graph\":[{\"@type\":\"WebPage\",\"@id\":\"https:\/\/stereoalausi.org\/?page_id=1930\",\"url\":\"https:\/\/stereoalausi.org\/?page_id=1930\",\"name\":\"Quienes Somos - Radio Stereo Alaus\u00ed\",\"isPartOf\":{\"@id\":\"https:\/\/stereoalausi.org\/#website\"},\"primaryImageOfPage\":{\"@id\":\"https:\/\/stereoalausi.org\/?page_id=1930#primaryimage\"},\"image\":{\"@id\":\"https:\/\/stereoalausi.org\/?page_id=1930#primaryimage\"},\"thumbnailUrl\":\"https:\/\/stereoalausi.org\/wp-content\/uploads\/2021\/01\/about1-optimized.jpg\",\"datePublished\":\"2021-01-20T03:52:06+00:00\",\"dateModified\":\"2023-05-05T23:51:30+00:00\",\"breadcrumb\":{\"@id\":\"https:\/\/stereoalausi.org\/?page_id=1930#breadcrumb\"},\"inLanguage\":\"es\",\"potentialAction\":[{\"@type\":\"ReadAction\",\"target\":[\"https:\/\/stereoalausi.org\/?page_id=1930\"]}]},{\"@type\":\"ImageObject\",\"inLanguage\":\"es\",\"@id\":\"https:\/\/stereoalausi.org\/?page_id=1930#primaryimage\",\"url\":\"https:\/\/stereoalausi.org\/wp-content\/uploads\/2021\/01\/about1-optimized.jpg\",\"contentUrl\":\"https:\/\/stereoalausi.org\/wp-content\/uploads\/2021\/01\/about1-optimized.jpg\",\"width\":570,\"height\":600},{\"@type\":\"BreadcrumbList\",\"@id\":\"https:\/\/stereoalausi.org\/?page_id=1930#breadcrumb\",\"itemListElement\":[{\"@type\":\"ListItem\",\"position\":1,\"name\":\"Inicio\",\"item\":\"https:\/\/stereoalausi.org\/\"},{\"@type\":\"ListItem\",\"position\":2,\"name\":\"Quienes Somos\"}]},{\"@type\":\"WebSite\",\"@id\":\"https:\/\/stereoalausi.org\/#website\",\"url\":\"https:\/\/stereoalausi.org\/\",\"name\":\"Radio Stereo Alaus\u00ed\",\"description\":\"Radio Stereo Alaus\u00ed\",\"publisher\":{\"@id\":\"https:\/\/stereoalausi.org\/#organization\"},\"alternateName\":\"stereoalausi.org\",\"potentialAction\":[{\"@type\":\"SearchAction\",\"target\":{\"@type\":\"EntryPoint\",\"urlTemplate\":\"https:\/\/stereoalausi.org\/?s={search_term_string}\"},\"query-input\":{\"@type\":\"PropertyValueSpecification\",\"valueRequired\":true,\"valueName\":\"search_term_string\"}}],\"inLanguage\":\"es\"},{\"@type\":\"Organization\",\"@id\":\"https:\/\/stereoalausi.org\/#organization\",\"name\":\"Radio Stereo Alausi\",\"url\":\"https:\/\/stereoalausi.org\/\",\"logo\":{\"@type\":\"ImageObject\",\"inLanguage\":\"es\",\"@id\":\"https:\/\/stereoalausi.org\/#\/schema\/logo\/image\/\",\"url\":\"https:\/\/stereoalausi.org\/wp-content\/uploads\/2023\/05\/cropped-FAVICON-1.png\",\"contentUrl\":\"https:\/\/stereoalausi.org\/wp-content\/uploads\/2023\/05\/cropped-FAVICON-1.png\",\"width\":512,\"height\":512,\"caption\":\"Radio Stereo Alausi\"},\"image\":{\"@id\":\"https:\/\/stereoalausi.org\/#\/schema\/logo\/image\/\"}}]}<\/script>\n<!-- \/ Yoast SEO plugin. -->","yoast_head_json":{"title":"Quienes Somos - Radio Stereo Alaus\u00ed","robots":{"index":"index","follow":"follow","max-snippet":"max-snippet:-1","max-image-preview":"max-image-preview:large","max-video-preview":"max-video-preview:-1"},"canonical":"https:\/\/stereoalausi.org\/?page_id=1930","og_locale":"es_ES","og_type":"article","og_title":"Quienes Somos - Radio Stereo Alaus\u00ed","og_description":"Nosotros Quienes Somos Radio Stereo Alaus\u00ed es reconocida como una emisora cristiana pionera de la radio difusi\u00f3n en 8 cantones de la Provincia de Chimborazo. Nuestra programac\u00edon varia en musica en espa\u00f1ol y quichua, con todos los generos musicales. Nos puede sintonizar en dos frecuencia sur &#8211; 98.5 FM&nbsp; y norte 98.9 FM. Adem\u00e1s, nos...","og_url":"https:\/\/stereoalausi.org\/?page_id=1930","og_site_name":"Radio Stereo Alaus\u00ed","article_modified_time":"2023-05-05T23:51:30+00:00","og_image":[{"url":"https:\/\/stereoalausi.org\/wp-content\/uploads\/2021\/01\/about1-optimized.jpg","type":"","width":"","height":""}],"twitter_card":"summary_large_image","twitter_misc":{"Tiempo de lectura":"1 minuto"},"schema":{"@context":"https:\/\/schema.org","@graph":[{"@type":"WebPage","@id":"https:\/\/stereoalausi.org\/?page_id=1930","url":"https:\/\/stereoalausi.org\/?page_id=1930","name":"Quienes Somos - Radio Stereo Alaus\u00ed","isPartOf":{"@id":"https:\/\/stereoalausi.org\/#website"},"primaryImageOfPage":{"@id":"https:\/\/stereoalausi.org\/?page_id=1930#primaryimage"},"image":{"@id":"https:\/\/stereoalausi.org\/?page_id=1930#primaryimage"},"thumbnailUrl":"https:\/\/stereoalausi.org\/wp-content\/uploads\/2021\/01\/about1-optimized.jpg","datePublished":"2021-01-20T03:52:06+00:00","dateModified":"2023-05-05T23:51:30+00:00","breadcrumb":{"@id":"https:\/\/stereoalausi.org\/?page_id=1930#breadcrumb"},"inLanguage":"es","potentialAction":[{"@type":"ReadAction","target":["https:\/\/stereoalausi.org\/?page_id=1930"]}]},{"@type":"ImageObject","inLanguage":"es","@id":"https:\/\/stereoalausi.org\/?page_id=1930#primaryimage","url":"https:\/\/stereoalausi.org\/wp-content\/uploads\/2021\/01\/about1-optimized.jpg","contentUrl":"https:\/\/stereoalausi.org\/wp-content\/uploads\/2021\/01\/about1-optimized.jpg","width":570,"height":600},{"@type":"BreadcrumbList","@id":"https:\/\/stereoalausi.org\/?page_id=1930#breadcrumb","itemListElement":[{"@type":"ListItem","position":1,"name":"Inicio","item":"https:\/\/stereoalausi.org\/"},{"@type":"ListItem","position":2,"name":"Quienes Somos"}]},{"@type":"WebSite","@id":"https:\/\/stereoalausi.org\/#website","url":"https:\/\/stereoalausi.org\/","name":"Radio Stereo Alaus\u00ed","description":"Radio Stereo Alaus\u00ed","publisher":{"@id":"https:\/\/stereoalausi.org\/#organization"},"alternateName":"stereoalausi.org","potentialAction":[{"@type":"SearchAction","target":{"@type":"EntryPoint","urlTemplate":"https:\/\/stereoalausi.org\/?s={search_term_string}"},"query-input":{"@type":"PropertyValueSpecification","valueRequired":true,"valueName":"search_term_string"}}],"inLanguage":"es"},{"@type":"Organization","@id":"https:\/\/stereoalausi.org\/#organization","name":"Radio Stereo Alausi","url":"https:\/\/stereoalausi.org\/","logo":{"@type":"ImageObject","inLanguage":"es","@id":"https:\/\/stereoalausi.org\/#\/schema\/logo\/image\/","url":"https:\/\/stereoalausi.org\/wp-content\/uploads\/2023\/05\/cropped-FAVICON-1.png","contentUrl":"https:\/\/stereoalausi.org\/wp-content\/uploads\/2023\/05\/cropped-FAVICON-1.png","width":512,"height":512,"caption":"Radio Stereo Alausi"},"image":{"@id":"https:\/\/stereoalausi.org\/#\/schema\/logo\/image\/"}}]}},"_hostinger_reach_plugin_has_subscription_block":false,"_hostinger_reach_plugin_is_elementor":false,"_links":{"self":[{"href":"https:\/\/stereoalausi.org\/index.php?rest_route=\/wp\/v2\/pages\/1930","targetHints":{"allow":["GET"]}}],"collection":[{"href":"https:\/\/stereoalausi.org\/index.php?rest_route=\/wp\/v2\/pages"}],"about":[{"href":"https:\/\/stereoalausi.org\/index.php?rest_route=\/wp\/v2\/types\/page"}],"author":[{"embeddable":true,"href":"https:\/\/stereoalausi.org\/index.php?rest_route=\/wp\/v2\/users\/1"}],"replies":[{"embeddable":true,"href":"https:\/\/stereoalausi.org\/index.php?rest_route=%2Fwp%2Fv2%2Fcomments&post=1930"}],"version-history":[{"count":22,"href":"https:\/\/stereoalausi.org\/index.php?rest_route=\/wp\/v2\/pages\/1930\/revisions"}],"predecessor-version":[{"id":5886,"href":"https:\/\/stereoalausi.org\/index.php?rest_route=\/wp\/v2\/pages\/1930\/revisions\/5886"}],"wp:attachment":[{"href":"https:\/\/stereoalausi.org\/index.php?rest_route=%2Fwp%2Fv2%2Fmedia&parent=1930"}],"curies":[{"name":"wp","href":"https:\/\/api.w.org\/{rel}","templated":true}]}}